{"id":28292,"date":"2014-04-01T11:39:09","date_gmt":"2014-04-01T08:39:09","guid":{"rendered":"http:\/\/www.criserb.com\/blog\/?page_id=28292"},"modified":"2014-05-09T11:14:37","modified_gmt":"2014-05-09T08:14:37","slug":"trafic-criserb-com","status":"publish","type":"page","link":"https:\/\/www.criserb.com\/blog\/trafic-criserb-com\/","title":{"rendered":"Trafic criserb.com"},"content":{"rendered":"<p>Pentru c\u0103 nu am nimic de ascuns am s\u0103 fac traficul public. A mai fost public \u0219i p\u00e2n\u0103 acum, dar cum am v\u0103zut c\u0103 nimeni nu \u00eel vede \u0219i-mi mai \u0219i \u00eengreuneaz\u0103 \u00eenc\u0103rcarea paginii am decis s\u0103 scot pluginul care prezenta traficul \u00een timp real \u0219i am s\u0103 pun la final de lun\u0103, \u00een aceast\u0103 pagin\u0103, c\u00e2te un screenshot.<\/p>\n<h3>Martie 2014<\/h3>\n<p><a href=\"http:\/\/www.criserb.com\/blog\/poze\/2014\/04\/trafic-martie-2014.jpg\"><img loading=\"lazy\" decoding=\"async\" class=\"aligncenter size-full wp-image-28293\" src=\"http:\/\/www.criserb.com\/blog\/poze\/2014\/04\/trafic-martie-2014.jpg\" alt=\"trafic-martie-2014\" width=\"1119\" height=\"777\" srcset=\"https:\/\/www.criserb.com\/blog\/poze\/2014\/04\/trafic-martie-2014.jpg 1119w, https:\/\/www.criserb.com\/blog\/poze\/2014\/04\/trafic-martie-2014-300x208.jpg 300w\" sizes=\"(max-width: 1119px) 100vw, 1119px\" \/><\/a><\/p>\n<h3>Aprilie 2014<\/h3>\n<p><img loading=\"lazy\" decoding=\"async\" class=\"aligncenter size-full wp-image-28610\" src=\"http:\/\/www.criserb.com\/blog\/poze\/2014\/04\/trafic-aprilie.jpg\" alt=\"trafic-aprilie\" width=\"952\" height=\"768\" srcset=\"https:\/\/www.criserb.com\/blog\/poze\/2014\/04\/trafic-aprilie.jpg 952w, https:\/\/www.criserb.com\/blog\/poze\/2014\/04\/trafic-aprilie-300x242.jpg 300w\" sizes=\"(max-width: 952px) 100vw, 952px\" \/><\/p>\n","protected":false},"excerpt":{"rendered":"<p>Pentru c\u0103 nu am nimic de ascuns am s\u0103 fac traficul public. A mai fost public \u0219i p\u00e2n\u0103 acum, dar cum am v\u0103zut c\u0103 nimeni nu \u00eel vede \u0219i-mi mai \u0219i \u00eengreuneaz\u0103 \u00eenc\u0103rcarea paginii am decis s\u0103 scot pluginul care prezenta traficul \u00een timp real \u0219i am s\u0103 pun la final de lun\u0103, \u00een aceast\u0103&hellip;<\/p>\n","protected":false},"author":3,"featured_media":28293,"parent":0,"menu_order":0,"comment_status":"closed","ping_status":"closed","template":"","meta":{"footnotes":""},"yoast_head":"<!-- This site is optimized with the Yoast SEO plugin v24.5 - https:\/\/yoast.com\/wordpress\/plugins\/seo\/ -->\n<title>Trafic criserb.com<\/title>\n<meta name=\"robots\" content=\"index, follow, max-snippet:-1, max-image-preview:large, max-video-preview:-1\" \/>\n<link rel=\"canonical\" href=\"https:\/\/www.criserb.com\/blog\/trafic-criserb-com\/\" \/>\n<script type=\"application\/ld+json\" class=\"yoast-schema-graph\">{\"@context\":\"https:\/\/schema.org\",\"@graph\":[{\"@type\":\"WebPage\",\"@id\":\"https:\/\/www.criserb.com\/blog\/trafic-criserb-com\/\",\"url\":\"https:\/\/www.criserb.com\/blog\/trafic-criserb-com\/\",\"name\":\"Trafic criserb.com\",\"isPartOf\":{\"@id\":\"https:\/\/www.criserb.com\/blog\/#website\"},\"primaryImageOfPage\":{\"@id\":\"https:\/\/www.criserb.com\/blog\/trafic-criserb-com\/#primaryimage\"},\"image\":{\"@id\":\"https:\/\/www.criserb.com\/blog\/trafic-criserb-com\/#primaryimage\"},\"thumbnailUrl\":\"https:\/\/www.criserb.com\/blog\/poze\/2014\/04\/trafic-martie-2014.jpg\",\"datePublished\":\"2014-04-01T08:39:09+00:00\",\"dateModified\":\"2014-05-09T08:14:37+00:00\",\"breadcrumb\":{\"@id\":\"https:\/\/www.criserb.com\/blog\/trafic-criserb-com\/#breadcrumb\"},\"inLanguage\":\"en-US\",\"potentialAction\":[{\"@type\":\"ReadAction\",\"target\":[\"https:\/\/www.criserb.com\/blog\/trafic-criserb-com\/\"]}]},{\"@type\":\"ImageObject\",\"inLanguage\":\"en-US\",\"@id\":\"https:\/\/www.criserb.com\/blog\/trafic-criserb-com\/#primaryimage\",\"url\":\"https:\/\/www.criserb.com\/blog\/poze\/2014\/04\/trafic-martie-2014.jpg\",\"contentUrl\":\"https:\/\/www.criserb.com\/blog\/poze\/2014\/04\/trafic-martie-2014.jpg\",\"width\":1119,\"height\":777},{\"@type\":\"BreadcrumbList\",\"@id\":\"https:\/\/www.criserb.com\/blog\/trafic-criserb-com\/#breadcrumb\",\"itemListElement\":[{\"@type\":\"ListItem\",\"position\":1,\"name\":\"Home\",\"item\":\"https:\/\/www.criserb.com\/blog\/\"},{\"@type\":\"ListItem\",\"position\":2,\"name\":\"Trafic criserb.com\"}]},{\"@type\":\"WebSite\",\"@id\":\"https:\/\/www.criserb.com\/blog\/#website\",\"url\":\"https:\/\/www.criserb.com\/blog\/\",\"name\":\"criserb.com\",\"description\":\"Nimic ce merita citit :)\",\"publisher\":{\"@id\":\"https:\/\/www.criserb.com\/blog\/#\/schema\/person\/8df5199bda4e628c32a10f318d8602b5\"},\"potentialAction\":[{\"@type\":\"SearchAction\",\"target\":{\"@type\":\"EntryPoint\",\"urlTemplate\":\"https:\/\/www.criserb.com\/blog\/?s={search_term_string}\"},\"query-input\":{\"@type\":\"PropertyValueSpecification\",\"valueRequired\":true,\"valueName\":\"search_term_string\"}}],\"inLanguage\":\"en-US\"},{\"@type\":[\"Person\",\"Organization\"],\"@id\":\"https:\/\/www.criserb.com\/blog\/#\/schema\/person\/8df5199bda4e628c32a10f318d8602b5\",\"name\":\"criserb\",\"image\":{\"@type\":\"ImageObject\",\"inLanguage\":\"en-US\",\"@id\":\"https:\/\/www.criserb.com\/blog\/#\/schema\/person\/image\/\",\"url\":\"http:\/\/0.gravatar.com\/avatar\/fdb6cca710f39545f0c4b5b936c390b4?s=96&d=monsterid&r=pg\",\"contentUrl\":\"http:\/\/0.gravatar.com\/avatar\/fdb6cca710f39545f0c4b5b936c390b4?s=96&d=monsterid&r=pg\",\"caption\":\"criserb\"},\"logo\":{\"@id\":\"https:\/\/www.criserb.com\/blog\/#\/schema\/person\/image\/\"},\"sameAs\":[\"http:\/\/www.criserb.com\"]}]}<\/script>\n<!-- \/ Yoast SEO plugin. -->","yoast_head_json":{"title":"Trafic criserb.com","robots":{"index":"index","follow":"follow","max-snippet":"max-snippet:-1","max-image-preview":"max-image-preview:large","max-video-preview":"max-video-preview:-1"},"canonical":"https:\/\/www.criserb.com\/blog\/trafic-criserb-com\/","schema":{"@context":"https:\/\/schema.org","@graph":[{"@type":"WebPage","@id":"https:\/\/www.criserb.com\/blog\/trafic-criserb-com\/","url":"https:\/\/www.criserb.com\/blog\/trafic-criserb-com\/","name":"Trafic criserb.com","isPartOf":{"@id":"https:\/\/www.criserb.com\/blog\/#website"},"primaryImageOfPage":{"@id":"https:\/\/www.criserb.com\/blog\/trafic-criserb-com\/#primaryimage"},"image":{"@id":"https:\/\/www.criserb.com\/blog\/trafic-criserb-com\/#primaryimage"},"thumbnailUrl":"https:\/\/www.criserb.com\/blog\/poze\/2014\/04\/trafic-martie-2014.jpg","datePublished":"2014-04-01T08:39:09+00:00","dateModified":"2014-05-09T08:14:37+00:00","breadcrumb":{"@id":"https:\/\/www.criserb.com\/blog\/trafic-criserb-com\/#breadcrumb"},"inLanguage":"en-US","potentialAction":[{"@type":"ReadAction","target":["https:\/\/www.criserb.com\/blog\/trafic-criserb-com\/"]}]},{"@type":"ImageObject","inLanguage":"en-US","@id":"https:\/\/www.criserb.com\/blog\/trafic-criserb-com\/#primaryimage","url":"https:\/\/www.criserb.com\/blog\/poze\/2014\/04\/trafic-martie-2014.jpg","contentUrl":"https:\/\/www.criserb.com\/blog\/poze\/2014\/04\/trafic-martie-2014.jpg","width":1119,"height":777},{"@type":"BreadcrumbList","@id":"https:\/\/www.criserb.com\/blog\/trafic-criserb-com\/#breadcrumb","itemListElement":[{"@type":"ListItem","position":1,"name":"Home","item":"https:\/\/www.criserb.com\/blog\/"},{"@type":"ListItem","position":2,"name":"Trafic criserb.com"}]},{"@type":"WebSite","@id":"https:\/\/www.criserb.com\/blog\/#website","url":"https:\/\/www.criserb.com\/blog\/","name":"criserb.com","description":"Nimic ce merita citit :)","publisher":{"@id":"https:\/\/www.criserb.com\/blog\/#\/schema\/person\/8df5199bda4e628c32a10f318d8602b5"},"potentialAction":[{"@type":"SearchAction","target":{"@type":"EntryPoint","urlTemplate":"https:\/\/www.criserb.com\/blog\/?s={search_term_string}"},"query-input":{"@type":"PropertyValueSpecification","valueRequired":true,"valueName":"search_term_string"}}],"inLanguage":"en-US"},{"@type":["Person","Organization"],"@id":"https:\/\/www.criserb.com\/blog\/#\/schema\/person\/8df5199bda4e628c32a10f318d8602b5","name":"criserb","image":{"@type":"ImageObject","inLanguage":"en-US","@id":"https:\/\/www.criserb.com\/blog\/#\/schema\/person\/image\/","url":"http:\/\/0.gravatar.com\/avatar\/fdb6cca710f39545f0c4b5b936c390b4?s=96&d=monsterid&r=pg","contentUrl":"http:\/\/0.gravatar.com\/avatar\/fdb6cca710f39545f0c4b5b936c390b4?s=96&d=monsterid&r=pg","caption":"criserb"},"logo":{"@id":"https:\/\/www.criserb.com\/blog\/#\/schema\/person\/image\/"},"sameAs":["http:\/\/www.criserb.com"]}]}},"_links":{"self":[{"href":"https:\/\/www.criserb.com\/blog\/wp-json\/wp\/v2\/pages\/28292"}],"collection":[{"href":"https:\/\/www.criserb.com\/blog\/wp-json\/wp\/v2\/pages"}],"about":[{"href":"https:\/\/www.criserb.com\/blog\/wp-json\/wp\/v2\/types\/page"}],"author":[{"embeddable":true,"href":"https:\/\/www.criserb.com\/blog\/wp-json\/wp\/v2\/users\/3"}],"replies":[{"embeddable":true,"href":"https:\/\/www.criserb.com\/blog\/wp-json\/wp\/v2\/comments?post=28292"}],"version-history":[{"count":0,"href":"https:\/\/www.criserb.com\/blog\/wp-json\/wp\/v2\/pages\/28292\/revisions"}],"wp:featuredmedia":[{"embeddable":true,"href":"https:\/\/www.criserb.com\/blog\/wp-json\/wp\/v2\/media\/28293"}],"wp:attachment":[{"href":"https:\/\/www.criserb.com\/blog\/wp-json\/wp\/v2\/media?parent=28292"}],"curies":[{"name":"wp","href":"https:\/\/api.w.org\/{rel}","templated":true}]}}